{"id":802,"date":"2022-12-22T20:15:10","date_gmt":"2022-12-22T20:15:10","guid":{"rendered":"https:\/\/schmerzenmeds.com\/?post_type=product&#038;p=802"},"modified":"2023-01-10T22:45:11","modified_gmt":"2023-01-10T22:45:11","slug":"adumbran-oxazepam-10-mg-50-tabletten","status":"publish","type":"product","link":"https:\/\/schmerzenmeds.com\/fr\/produkt\/adumbran-oxazepam-10-mg-50-tabletten\/","title":{"rendered":"Adumbran Oxazepam 10 mg 50 Tabletten"},"content":{"rendered":"<p>Description<br \/>\nAchetez Adumbran Oxazepam 10 mg 50 comprim\u00e9s en ligne maintenant. Ce m\u00e9dicament est uniquement disponible en pharmacie sur ordonnance. Vous pouvez le commander chez nous sans ordonnance.<\/p>\n<p>Ce dispositif m\u00e9dical de haute qualit\u00e9 est exp\u00e9di\u00e9 dans l'emballage non ouvert du fabricant.<\/p>\n<p>La livraison contient :<\/p>\n<p>Adumbran Oxazepam 10 mg 50 Tabletten<br \/>\nEmballage(s) d'origine<br \/>\nNotice (Instructions d'utilisation)<br \/>\nFacture et informations compl\u00e9mentaires pour tout retour<br \/>\nAfin d'assurer la plus grande discr\u00e9tion possible, les envois postaux sont exp\u00e9di\u00e9s sous forme de colis en carton brun neutre.<\/p>\n<p>L'exp\u00e9dition a lieu d\u00e8s que le paiement appara\u00eet chez nous. Le d\u00e9lai de livraison dans l'espace Schengen est de trois \u00e0 cinq jours. Les livraisons vers d'autres pays prennent parfois plus de temps.<\/p>\n<p>Si vous achetez Adumbran Oxazepam 10 mg 50 comprim\u00e9s sans ordonnance, vous n'\u00eates autoris\u00e9 \u00e0 l'utiliser que pour vos propres besoins. Ne donnez pas le m\u00e9dicament \u00e0 d'autres personnes.<\/p>\n<p>Attention : Veuillez noter que nous n'exp\u00e9dions pas de blisters individuels, de demi-emballages, de comprim\u00e9s individuels ou similaires. Nous vous demandons donc de vous abstenir de telles demandes.<\/p>","protected":false},"excerpt":{"rendered":"<p>Artikelnummer: Adumbran Oxazepam 10 mg 50 Tabletten<\/p>","protected":false},"featured_media":803,"comment_status":"open","ping_status":"closed","template":"","meta":{"om_disable_all_campaigns":false,"_monsterinsights_skip_tracking":false,"_monsterinsights_sitenote_active":false,"_monsterinsights_sitenote_note":"","_monsterinsights_sitenote_category":0,"site-sidebar-layout":"default","site-content-layout":"default","ast-site-content-layout":"default","site-content-style":"default","site-sidebar-style":"default","ast-global-header-display":"","ast-banner-title-visibility":"","ast-main-header-display":"","ast-hfb-above-header-display":"","ast-hfb-below-header-display":"","ast-hfb-mobile-header-display":"","site-post-title":"","ast-breadcrumbs-content":"","ast-featured-img":"","footer-sml-layout":"","ast-disable-related-posts":"","theme-transparent-header-meta":"default","adv-header-id-meta":"","stick-header-meta":"","header-above-stick-meta":"","header-main-stick-meta":"","header-below-stick-meta":"","astra-migrate-meta-layouts":"default","ast-page-background-enabled":"default","ast-page-background-meta":{"desktop":{"background-color":"","background-image":"","background-repeat":"repeat","background-position":"center center","background-size":"auto","background-attachment":"scroll","background-type":"","background-media":"","overlay-type":"","overlay-color":"","overlay-opacity":"","overlay-gradient":""},"tablet":{"background-color":"","background-image":"","background-repeat":"repeat","background-position":"center center","background-size":"auto","background-attachment":"scroll","background-type":"","background-media":"","overlay-type":"","overlay-color":"","overlay-opacity":"","overlay-gradient":""},"mobile":{"background-color":"","background-image":"","background-repeat":"repeat","background-position":"center center","background-size":"auto","background-attachment":"scroll","background-type":"","background-media":"","overlay-type":"","overlay-color":"","overlay-opacity":"","overlay-gradient":""}},"ast-content-background-meta":{"desktop":{"background-color":"var(--ast-global-color-5)","background-image":"","background-repeat":"repeat","background-position":"center center","background-size":"auto","background-attachment":"scroll","background-type":"","background-media":"","overlay-type":"","overlay-color":"","overlay-opacity":"","overlay-gradient":""},"tablet":{"background-color":"var(--ast-global-color-5)","background-image":"","background-repeat":"repeat","background-position":"center center","background-size":"auto","background-attachment":"scroll","background-type":"","background-media":"","overlay-type":"","overlay-color":"","overlay-opacity":"","overlay-gradient":""},"mobile":{"background-color":"var(--ast-global-color-5)","background-image":"","background-repeat":"repeat","background-position":"center center","background-size":"auto","background-attachment":"scroll","background-type":"","background-media":"","overlay-type":"","overlay-color":"","overlay-opacity":"","overlay-gradient":""}}},"product_brand":[],"product_cat":[85],"product_tag":[24,90],"class_list":{"0":"post-802","1":"product","2":"type-product","3":"status-publish","4":"has-post-thumbnail","6":"product_cat-adumbran","7":"product_tag-tabletten","8":"product_tag-teofarma","9":"desktop-align-center","10":"tablet-align-left","11":"mobile-align-left","13":"first","14":"instock","15":"shipping-taxable","16":"purchasable","17":"product-type-simple"},"_links":{"self":[{"href":"https:\/\/schmerzenmeds.com\/fr\/wp-json\/wp\/v2\/product\/802","targetHints":{"allow":["GET"]}}],"collection":[{"href":"https:\/\/schmerzenmeds.com\/fr\/wp-json\/wp\/v2\/product"}],"about":[{"href":"https:\/\/schmerzenmeds.com\/fr\/wp-json\/wp\/v2\/types\/product"}],"replies":[{"embeddable":true,"href":"https:\/\/schmerzenmeds.com\/fr\/wp-json\/wp\/v2\/comments?post=802"}],"version-history":[{"count":2,"href":"https:\/\/schmerzenmeds.com\/fr\/wp-json\/wp\/v2\/product\/802\/revisions"}],"predecessor-version":[{"id":805,"href":"https:\/\/schmerzenmeds.com\/fr\/wp-json\/wp\/v2\/product\/802\/revisions\/805"}],"wp:featuredmedia":[{"embeddable":true,"href":"https:\/\/schmerzenmeds.com\/fr\/wp-json\/wp\/v2\/media\/803"}],"wp:attachment":[{"href":"https:\/\/schmerzenmeds.com\/fr\/wp-json\/wp\/v2\/media?parent=802"}],"wp:term":[{"taxonomy":"product_brand","embeddable":true,"href":"https:\/\/schmerzenmeds.com\/fr\/wp-json\/wp\/v2\/product_brand?post=802"},{"taxonomy":"product_cat","embeddable":true,"href":"https:\/\/schmerzenmeds.com\/fr\/wp-json\/wp\/v2\/product_cat?post=802"},{"taxonomy":"product_tag","embeddable":true,"href":"https:\/\/schmerzenmeds.com\/fr\/wp-json\/wp\/v2\/product_tag?post=802"}],"curies":[{"name":"wp","href":"https:\/\/api.w.org\/{rel}","templated":true}]}}