{"id":789,"date":"2022-12-22T19:33:24","date_gmt":"2022-12-22T19:33:24","guid":{"rendered":"https:\/\/schmerzenmeds.com\/?post_type=product&#038;p=789"},"modified":"2024-06-13T19:10:20","modified_gmt":"2024-06-13T19:10:20","slug":"temesta-expidet-1-mg-100-schmelztabletten","status":"publish","type":"product","link":"https:\/\/schmerzenmeds.com\/fr\/produkt\/temesta-expidet-1-mg-100-schmelztabletten\/","title":{"rendered":"Temesta Expidet 1 mg 100 Schmelztabletten"},"content":{"rendered":"<p>eschreibung<br \/>\nAchetez Temesta Expidet 1 mg 100 comprim\u00e9s orodispersibles en ligne. Ce m\u00e9dicament est disponible en pharmacie sur ordonnance. Vous pouvez le commander chez nous sans ordonnance.<\/p>\n<p>Ce dispositif m\u00e9dical de haute qualit\u00e9 est exp\u00e9di\u00e9 dans l'emballage non ouvert du fabricant.<\/p>\n<p>La livraison contient :<\/p>\n<p>Temesta Expidet 1 mg 100 Schmelztabletten<br \/>\nEmballage(s) d'origine<br \/>\nNotice (Instructions d'utilisation)<br \/>\nFacture et informations compl\u00e9mentaires pour tout retour<br \/>\nAfin d'assurer la plus grande discr\u00e9tion possible, les envois postaux sont exp\u00e9di\u00e9s sous forme de colis en carton brun neutre.<\/p>\n<p>L'exp\u00e9dition a lieu d\u00e8s que le paiement appara\u00eet chez nous. Le d\u00e9lai de livraison dans l'espace Schengen est de trois \u00e0 cinq jours. Les livraisons vers d'autres pays prennent parfois plus de temps.<\/p>\n<p>Si vous achetez Temesta Expidet 1 mg 100 comprim\u00e9s orodispersibles sans ordonnance vous ne devez l'utiliser que pour vos propres besoins. Ne donnez pas le m\u00e9dicament \u00e0 d'autres personnes.<\/p>\n<p>Attention : Veuillez noter que nous n'exp\u00e9dions pas de blisters individuels, de demi-emballages, de comprim\u00e9s individuels ou similaires. Nous vous demandons donc de vous abstenir de telles demandes.<\/p>\n<p>&nbsp;<\/p>\n<p>Der Gipfel der Ruhe &#8211; Temesta. Jetzt auch in seiner schnell wirkenden Variante, Temesta Expidet, f\u00fcr alle, die sofortige Gelassenheit suchen. Unsere innovative Online-Plattform bietet Ihnen das Privileg, Temesta online zu bestellen, ohne dass Sie ein Rezept ben\u00f6tigen, und bietet Ihnen eine nahtlose und diskrete L\u00f6sung f\u00fcr Ihre Bed\u00fcrfnisse. Tauchen Sie ein in das Reich der Gelassenheit und gewinnen Sie die Kontrolle \u00fcber \u00c4ngste und Unruhe zur\u00fcck. Entscheiden Sie sich f\u00fcr Temesta, wo der Seelenfrieden nur einen Klick entfernt ist. Bestellen Sie jetzt und erleben Sie die Transformation, die mit ultimativer Entspannung einhergeht. Machen Sie sich die Zukunft der Selbstf\u00fcrsorge zu eigen, machen Sie sich Temesta zu eigen.<\/p>\n<p>&nbsp;<\/p>","protected":false},"excerpt":{"rendered":"<p>Artikelnummer: Temesta Expidet 1 mg 100 Stk. Der Gipfel der Ruhe &#8211; Temesta. Jetzt auch in seiner schnell wirkenden Variante, Temesta Expidet, f\u00fcr alle, die sofortige Gelassenheit suchen. Unsere innovative Online-Plattform bietet Ihnen das Privileg, Temesta online zu bestellen, ohne dass Sie ein Rezept ben\u00f6tigen, und bietet Ihnen eine nahtlose und diskrete L\u00f6sung f\u00fcr Ihre Bed\u00fcrfnisse. Tauchen Sie ein in das Reich der Gelassenheit und gewinnen Sie die Kontrolle \u00fcber \u00c4ngste und Unruhe zur\u00fcck. Entscheiden Sie sich f\u00fcr Temesta, wo der Seelenfrieden nur einen Klick entfernt ist. Bestellen Sie jetzt und erleben Sie die Transformation, die mit ultimativer Entspannung einhergeht. Machen Sie sich die Zukunft der Selbstf\u00fcrsorge zu eigen, machen Sie sich Temesta zu eigen.<\/p>\n<p>&nbsp;<\/p>\n<p>&nbsp;<\/p>","protected":false},"featured_media":790,"comment_status":"open","ping_status":"closed","template":"","meta":{"om_disable_all_campaigns":false,"_monsterinsights_skip_tracking":false,"_monsterinsights_sitenote_active":false,"_monsterinsights_sitenote_note":"","_monsterinsights_sitenote_category":0,"site-sidebar-layout":"default","site-content-layout":"default","ast-site-content-layout":"default","site-content-style":"default","site-sidebar-style":"default","ast-global-header-display":"","ast-banner-title-visibility":"","ast-main-header-display":"","ast-hfb-above-header-display":"","ast-hfb-below-header-display":"","ast-hfb-mobile-header-display":"","site-post-title":"","ast-breadcrumbs-content":"","ast-featured-img":"","footer-sml-layout":"","ast-disable-related-posts":"","theme-transparent-header-meta":"default","adv-header-id-meta":"","stick-header-meta":"","header-above-stick-meta":"","header-main-stick-meta":"","header-below-stick-meta":"","astra-migrate-meta-layouts":"default","ast-page-background-enabled":"default","ast-page-background-meta":{"desktop":{"background-color":"","background-image":"","background-repeat":"repeat","background-position":"center center","background-size":"auto","background-attachment":"scroll","background-type":"","background-media":"","overlay-type":"","overlay-color":"","overlay-opacity":"","overlay-gradient":""},"tablet":{"background-color":"","background-image":"","background-repeat":"repeat","background-position":"center center","background-size":"auto","background-attachment":"scroll","background-type":"","background-media":"","overlay-type":"","overlay-color":"","overlay-opacity":"","overlay-gradient":""},"mobile":{"background-color":"","background-image":"","background-repeat":"repeat","background-position":"center center","background-size":"auto","background-attachment":"scroll","background-type":"","background-media":"","overlay-type":"","overlay-color":"","overlay-opacity":"","overlay-gradient":""}},"ast-content-background-meta":{"desktop":{"background-color":"var(--ast-global-color-5)","background-image":"","background-repeat":"repeat","background-position":"center center","background-size":"auto","background-attachment":"scroll","background-type":"","background-media":"","overlay-type":"","overlay-color":"","overlay-opacity":"","overlay-gradient":""},"tablet":{"background-color":"var(--ast-global-color-5)","background-image":"","background-repeat":"repeat","background-position":"center center","background-size":"auto","background-attachment":"scroll","background-type":"","background-media":"","overlay-type":"","overlay-color":"","overlay-opacity":"","overlay-gradient":""},"mobile":{"background-color":"var(--ast-global-color-5)","background-image":"","background-repeat":"repeat","background-position":"center center","background-size":"auto","background-attachment":"scroll","background-type":"","background-media":"","overlay-type":"","overlay-color":"","overlay-opacity":"","overlay-gradient":""}}},"product_brand":[],"product_cat":[79],"product_tag":[82,81],"class_list":{"0":"post-789","1":"product","2":"type-product","3":"status-publish","4":"has-post-thumbnail","6":"product_cat-temesta","7":"product_tag-schmelztabletten","8":"product_tag-wyeth","9":"desktop-align-center","10":"tablet-align-left","11":"mobile-align-left","13":"first","14":"instock","15":"shipping-taxable","16":"purchasable","17":"product-type-simple"},"_links":{"self":[{"href":"https:\/\/schmerzenmeds.com\/fr\/wp-json\/wp\/v2\/product\/789","targetHints":{"allow":["GET"]}}],"collection":[{"href":"https:\/\/schmerzenmeds.com\/fr\/wp-json\/wp\/v2\/product"}],"about":[{"href":"https:\/\/schmerzenmeds.com\/fr\/wp-json\/wp\/v2\/types\/product"}],"replies":[{"embeddable":true,"href":"https:\/\/schmerzenmeds.com\/fr\/wp-json\/wp\/v2\/comments?post=789"}],"version-history":[{"count":3,"href":"https:\/\/schmerzenmeds.com\/fr\/wp-json\/wp\/v2\/product\/789\/revisions"}],"predecessor-version":[{"id":1079,"href":"https:\/\/schmerzenmeds.com\/fr\/wp-json\/wp\/v2\/product\/789\/revisions\/1079"}],"wp:featuredmedia":[{"embeddable":true,"href":"https:\/\/schmerzenmeds.com\/fr\/wp-json\/wp\/v2\/media\/790"}],"wp:attachment":[{"href":"https:\/\/schmerzenmeds.com\/fr\/wp-json\/wp\/v2\/media?parent=789"}],"wp:term":[{"taxonomy":"product_brand","embeddable":true,"href":"https:\/\/schmerzenmeds.com\/fr\/wp-json\/wp\/v2\/product_brand?post=789"},{"taxonomy":"product_cat","embeddable":true,"href":"https:\/\/schmerzenmeds.com\/fr\/wp-json\/wp\/v2\/product_cat?post=789"},{"taxonomy":"product_tag","embeddable":true,"href":"https:\/\/schmerzenmeds.com\/fr\/wp-json\/wp\/v2\/product_tag?post=789"}],"curies":[{"name":"wp","href":"https:\/\/api.w.org\/{rel}","templated":true}]}}