{"id":753,"date":"2022-12-22T18:18:17","date_gmt":"2022-12-22T18:18:17","guid":{"rendered":"https:\/\/schmerzenmeds.com\/?post_type=product&#038;p=753"},"modified":"2024-06-17T00:44:59","modified_gmt":"2024-06-17T00:44:59","slug":"psychopax-diazepam-125-mg-20-ml-tropfen","status":"publish","type":"product","link":"https:\/\/schmerzenmeds.com\/fr\/produkt\/psychopax-diazepam-125-mg-20-ml-tropfen\/","title":{"rendered":"Psychopax Diazepam 12,5 mg 20 ml Tropfen"},"content":{"rendered":"<p>Description<br \/>\nAchetez Psychopax Diaz\u00e9pam 12,5 mg gouttes de 20 ml en ligne. Ce m\u00e9dicament est disponible en pharmacie sur ordonnance. Vous pouvez le commander chez nous sans ordonnance.<\/p>\n<p>Ce dispositif m\u00e9dical de haute qualit\u00e9 est exp\u00e9di\u00e9 dans l'emballage non ouvert du fabricant.<\/p>\n<p>La livraison contient :<\/p>\n<p>Psychopax Diazepam 12,5 mg 20 ml Tropfen<br \/>\nEmballage(s) d'origine<br \/>\nNotice (Instructions d'utilisation)<br \/>\nFacture et informations compl\u00e9mentaires pour tout retour<br \/>\nAfin d'assurer la plus grande discr\u00e9tion possible, les envois postaux sont exp\u00e9di\u00e9s sous forme de colis en carton brun neutre. <a href=\"https:\/\/mdmakaufen.com\/\" target=\"_blank\" rel=\"noopener\">LIKE MDMA<\/a><\/p>\n<p>L'exp\u00e9dition a lieu d\u00e8s que le paiement appara\u00eet chez nous. Le d\u00e9lai de livraison dans l'espace Schengen est de trois \u00e0 cinq jours. Les livraisons vers d'autres pays prennent parfois plus de temps.<\/p>\n<p>Si vous achetez Psychopax Diazepam 12,5 mg 20 ml gouttes sans ordonnance, vous n'\u00eates autoris\u00e9 \u00e0 l'utiliser que pour vos propres besoins. Ne donnez pas le m\u00e9dicament \u00e0 d'autres personnes.<\/p>\n<p>Attention : Veuillez noter que nous n'exp\u00e9dions pas de blisters individuels, de demi-emballages, de comprim\u00e9s individuels ou similaires. Nous vous demandons donc de vous abstenir de telles demandes.<\/p>\n<p><a href=\"https:\/\/schmerzenmeds.com\/produkt\/seresta-forte-50-mg-100-tabletten\/\">Seresta forte 50 mg 100 Tabletten<\/a> , <a href=\"https:\/\/kokaindrogekaufen.com\/\" target=\"_blank\" rel=\"noopener\">Koks<\/a><\/p>","protected":false},"excerpt":{"rendered":"<p>Artikelnummer: Psychopax 20 ml 12,5 mg\/ml<\/p>","protected":false},"featured_media":754,"comment_status":"open","ping_status":"closed","template":"","meta":{"om_disable_all_campaigns":false,"_monsterinsights_skip_tracking":false,"_monsterinsights_sitenote_active":false,"_monsterinsights_sitenote_note":"","_monsterinsights_sitenote_category":0,"site-sidebar-layout":"default","site-content-layout":"default","ast-site-content-layout":"default","site-content-style":"default","site-sidebar-style":"default","ast-global-header-display":"","ast-banner-title-visibility":"","ast-main-header-display":"","ast-hfb-above-header-display":"","ast-hfb-below-header-display":"","ast-hfb-mobile-header-display":"","site-post-title":"","ast-breadcrumbs-content":"","ast-featured-img":"","footer-sml-layout":"","ast-disable-related-posts":"","theme-transparent-header-meta":"default","adv-header-id-meta":"","stick-header-meta":"","header-above-stick-meta":"","header-main-stick-meta":"","header-below-stick-meta":"","astra-migrate-meta-layouts":"default","ast-page-background-enabled":"default","ast-page-background-meta":{"desktop":{"background-color":"","background-image":"","background-repeat":"repeat","background-position":"center center","background-size":"auto","background-attachment":"scroll","background-type":"","background-media":"","overlay-type":"","overlay-color":"","overlay-opacity":"","overlay-gradient":""},"tablet":{"background-color":"","background-image":"","background-repeat":"repeat","background-position":"center center","background-size":"auto","background-attachment":"scroll","background-type":"","background-media":"","overlay-type":"","overlay-color":"","overlay-opacity":"","overlay-gradient":""},"mobile":{"background-color":"","background-image":"","background-repeat":"repeat","background-position":"center center","background-size":"auto","background-attachment":"scroll","background-type":"","background-media":"","overlay-type":"","overlay-color":"","overlay-opacity":"","overlay-gradient":""}},"ast-content-background-meta":{"desktop":{"background-color":"var(--ast-global-color-5)","background-image":"","background-repeat":"repeat","background-position":"center center","background-size":"auto","background-attachment":"scroll","background-type":"","background-media":"","overlay-type":"","overlay-color":"","overlay-opacity":"","overlay-gradient":""},"tablet":{"background-color":"var(--ast-global-color-5)","background-image":"","background-repeat":"repeat","background-position":"center center","background-size":"auto","background-attachment":"scroll","background-type":"","background-media":"","overlay-type":"","overlay-color":"","overlay-opacity":"","overlay-gradient":""},"mobile":{"background-color":"var(--ast-global-color-5)","background-image":"","background-repeat":"repeat","background-position":"center center","background-size":"auto","background-attachment":"scroll","background-type":"","background-media":"","overlay-type":"","overlay-color":"","overlay-opacity":"","overlay-gradient":""}}},"product_brand":[],"product_cat":[56,58],"product_tag":[67,64],"class_list":{"0":"post-753","1":"product","2":"type-product","3":"status-publish","4":"has-post-thumbnail","6":"product_cat-diazepam-tropfen","7":"product_cat-psychopax","8":"product_tag-sigmapharm","9":"product_tag-tropfen","10":"desktop-align-center","11":"tablet-align-left","12":"mobile-align-left","14":"first","15":"instock","16":"shipping-taxable","17":"purchasable","18":"product-type-simple"},"_links":{"self":[{"href":"https:\/\/schmerzenmeds.com\/fr\/wp-json\/wp\/v2\/product\/753","targetHints":{"allow":["GET"]}}],"collection":[{"href":"https:\/\/schmerzenmeds.com\/fr\/wp-json\/wp\/v2\/product"}],"about":[{"href":"https:\/\/schmerzenmeds.com\/fr\/wp-json\/wp\/v2\/types\/product"}],"replies":[{"embeddable":true,"href":"https:\/\/schmerzenmeds.com\/fr\/wp-json\/wp\/v2\/comments?post=753"}],"version-history":[{"count":3,"href":"https:\/\/schmerzenmeds.com\/fr\/wp-json\/wp\/v2\/product\/753\/revisions"}],"predecessor-version":[{"id":1124,"href":"https:\/\/schmerzenmeds.com\/fr\/wp-json\/wp\/v2\/product\/753\/revisions\/1124"}],"wp:featuredmedia":[{"embeddable":true,"href":"https:\/\/schmerzenmeds.com\/fr\/wp-json\/wp\/v2\/media\/754"}],"wp:attachment":[{"href":"https:\/\/schmerzenmeds.com\/fr\/wp-json\/wp\/v2\/media?parent=753"}],"wp:term":[{"taxonomy":"product_brand","embeddable":true,"href":"https:\/\/schmerzenmeds.com\/fr\/wp-json\/wp\/v2\/product_brand?post=753"},{"taxonomy":"product_cat","embeddable":true,"href":"https:\/\/schmerzenmeds.com\/fr\/wp-json\/wp\/v2\/product_cat?post=753"},{"taxonomy":"product_tag","embeddable":true,"href":"https:\/\/schmerzenmeds.com\/fr\/wp-json\/wp\/v2\/product_tag?post=753"}],"curies":[{"name":"wp","href":"https:\/\/api.w.org\/{rel}","templated":true}]}}