{"id":789,"date":"2022-12-22T19:33:24","date_gmt":"2022-12-22T19:33:24","guid":{"rendered":"https:\/\/schmerzenmeds.com\/?post_type=product&#038;p=789"},"modified":"2024-06-13T19:10:20","modified_gmt":"2024-06-13T19:10:20","slug":"temesta-expidet-1-mg-100-schmelztabletten","status":"publish","type":"product","link":"https:\/\/schmerzenmeds.com\/es\/produkt\/temesta-expidet-1-mg-100-schmelztabletten\/","title":{"rendered":"Temesta Expidet 1 mg 100 Schmelztabletten"},"content":{"rendered":"<p>Descripci\u00f3n<br \/>\nComprar Temesta Expidet 1 mg 100 comprimidos bucodispersables online. Este medicamento est\u00e1 disponible en farmacias con receta m\u00e9dica. Puede pedirlo con nosotros sin receta m\u00e9dica.<\/p>\n<p>Este dispositivo m\u00e9dico de alta calidad se env\u00eda en el embalaje sin abrir del fabricante.<\/p>\n<p>La entrega contiene:<\/p>\n<p>Temesta Expidet 1 mg 100 Schmelztabletten<br \/>\nEmbalaje(s) original(es)<br \/>\nProspecto (Instrucciones de uso)<br \/>\nFactura e informaci\u00f3n adicional para cualquier devoluci\u00f3n<br \/>\nPara garantizar la mayor discreci\u00f3n posible, los env\u00edos postales se env\u00edan como paquetes de cart\u00f3n marr\u00f3n neutro.<\/p>\n<p>El env\u00edo se realiza tan pronto como el pago aparece con nosotros. El tiempo de entrega dentro del espacio Schengen es de tres a cinco d\u00edas. Las entregas a otros pa\u00edses a veces tardan m\u00e1s.<\/p>\n<p>Si compra Temesta Expidet 1 mg 100 comprimidos bucodispersables sin receta solo debe utilizarlo para sus propias necesidades. No le d\u00e9 el medicamento a otras personas.<\/p>\n<p>Atenci\u00f3n: tenga en cuenta que no enviamos bl\u00edsteres individuales, medios paquetes, tabletas individuales o similares. Por lo tanto, le pedimos que se abstenga de tales consultas.<\/p>\n<p>&nbsp;<\/p>\n<p>Der Gipfel der Ruhe &#8211; Temesta. Jetzt auch in seiner schnell wirkenden Variante, Temesta Expidet, f\u00fcr alle, die sofortige Gelassenheit suchen. Unsere innovative Online-Plattform bietet Ihnen das Privileg, Temesta online zu bestellen, ohne dass Sie ein Rezept ben\u00f6tigen, und bietet Ihnen eine nahtlose und diskrete L\u00f6sung f\u00fcr Ihre Bed\u00fcrfnisse. Tauchen Sie ein in das Reich der Gelassenheit und gewinnen Sie die Kontrolle \u00fcber \u00c4ngste und Unruhe zur\u00fcck. Entscheiden Sie sich f\u00fcr Temesta, wo der Seelenfrieden nur einen Klick entfernt ist. Bestellen Sie jetzt und erleben Sie die Transformation, die mit ultimativer Entspannung einhergeht. Machen Sie sich die Zukunft der Selbstf\u00fcrsorge zu eigen, machen Sie sich Temesta zu eigen.<\/p>\n<p>&nbsp;<\/p>","protected":false},"excerpt":{"rendered":"<p>Artikelnummer: Temesta Expidet 1 mg 100 Stk. Der Gipfel der Ruhe &#8211; Temesta. Jetzt auch in seiner schnell wirkenden Variante, Temesta Expidet, f\u00fcr alle, die sofortige Gelassenheit suchen. Unsere innovative Online-Plattform bietet Ihnen das Privileg, Temesta online zu bestellen, ohne dass Sie ein Rezept ben\u00f6tigen, und bietet Ihnen eine nahtlose und diskrete L\u00f6sung f\u00fcr Ihre Bed\u00fcrfnisse. Tauchen Sie ein in das Reich der Gelassenheit und gewinnen Sie die Kontrolle \u00fcber \u00c4ngste und Unruhe zur\u00fcck. Entscheiden Sie sich f\u00fcr Temesta, wo der Seelenfrieden nur einen Klick entfernt ist. Bestellen Sie jetzt und erleben Sie die Transformation, die mit ultimativer Entspannung einhergeht. Machen Sie sich die Zukunft der Selbstf\u00fcrsorge zu eigen, machen Sie sich Temesta zu eigen.<\/p>\n<p>&nbsp;<\/p>\n<p>&nbsp;<\/p>","protected":false},"featured_media":790,"comment_status":"open","ping_status":"closed","template":"","meta":{"om_disable_all_campaigns":false,"_monsterinsights_skip_tracking":false,"_monsterinsights_sitenote_active":false,"_monsterinsights_sitenote_note":"","_monsterinsights_sitenote_category":0,"site-sidebar-layout":"default","site-content-layout":"default","ast-site-content-layout":"default","site-content-style":"default","site-sidebar-style":"default","ast-global-header-display":"","ast-banner-title-visibility":"","ast-main-header-display":"","ast-hfb-above-header-display":"","ast-hfb-below-header-display":"","ast-hfb-mobile-header-display":"","site-post-title":"","ast-breadcrumbs-content":"","ast-featured-img":"","footer-sml-layout":"","ast-disable-related-posts":"","theme-transparent-header-meta":"default","adv-header-id-meta":"","stick-header-meta":"","header-above-stick-meta":"","header-main-stick-meta":"","header-below-stick-meta":"","astra-migrate-meta-layouts":"default","ast-page-background-enabled":"default","ast-page-background-meta":{"desktop":{"background-color":"","background-image":"","background-repeat":"repeat","background-position":"center center","background-size":"auto","background-attachment":"scroll","background-type":"","background-media":"","overlay-type":"","overlay-color":"","overlay-opacity":"","overlay-gradient":""},"tablet":{"background-color":"","background-image":"","background-repeat":"repeat","background-position":"center center","background-size":"auto","background-attachment":"scroll","background-type":"","background-media":"","overlay-type":"","overlay-color":"","overlay-opacity":"","overlay-gradient":""},"mobile":{"background-color":"","background-image":"","background-repeat":"repeat","background-position":"center center","background-size":"auto","background-attachment":"scroll","background-type":"","background-media":"","overlay-type":"","overlay-color":"","overlay-opacity":"","overlay-gradient":""}},"ast-content-background-meta":{"desktop":{"background-color":"var(--ast-global-color-5)","background-image":"","background-repeat":"repeat","background-position":"center center","background-size":"auto","background-attachment":"scroll","background-type":"","background-media":"","overlay-type":"","overlay-color":"","overlay-opacity":"","overlay-gradient":""},"tablet":{"background-color":"var(--ast-global-color-5)","background-image":"","background-repeat":"repeat","background-position":"center center","background-size":"auto","background-attachment":"scroll","background-type":"","background-media":"","overlay-type":"","overlay-color":"","overlay-opacity":"","overlay-gradient":""},"mobile":{"background-color":"var(--ast-global-color-5)","background-image":"","background-repeat":"repeat","background-position":"center center","background-size":"auto","background-attachment":"scroll","background-type":"","background-media":"","overlay-type":"","overlay-color":"","overlay-opacity":"","overlay-gradient":""}}},"product_brand":[],"product_cat":[79],"product_tag":[82,81],"class_list":{"0":"post-789","1":"product","2":"type-product","3":"status-publish","4":"has-post-thumbnail","6":"product_cat-temesta","7":"product_tag-schmelztabletten","8":"product_tag-wyeth","9":"desktop-align-center","10":"tablet-align-left","11":"mobile-align-left","13":"first","14":"instock","15":"shipping-taxable","16":"purchasable","17":"product-type-simple"},"_links":{"self":[{"href":"https:\/\/schmerzenmeds.com\/es\/wp-json\/wp\/v2\/product\/789","targetHints":{"allow":["GET"]}}],"collection":[{"href":"https:\/\/schmerzenmeds.com\/es\/wp-json\/wp\/v2\/product"}],"about":[{"href":"https:\/\/schmerzenmeds.com\/es\/wp-json\/wp\/v2\/types\/product"}],"replies":[{"embeddable":true,"href":"https:\/\/schmerzenmeds.com\/es\/wp-json\/wp\/v2\/comments?post=789"}],"version-history":[{"count":3,"href":"https:\/\/schmerzenmeds.com\/es\/wp-json\/wp\/v2\/product\/789\/revisions"}],"predecessor-version":[{"id":1079,"href":"https:\/\/schmerzenmeds.com\/es\/wp-json\/wp\/v2\/product\/789\/revisions\/1079"}],"wp:featuredmedia":[{"embeddable":true,"href":"https:\/\/schmerzenmeds.com\/es\/wp-json\/wp\/v2\/media\/790"}],"wp:attachment":[{"href":"https:\/\/schmerzenmeds.com\/es\/wp-json\/wp\/v2\/media?parent=789"}],"wp:term":[{"taxonomy":"product_brand","embeddable":true,"href":"https:\/\/schmerzenmeds.com\/es\/wp-json\/wp\/v2\/product_brand?post=789"},{"taxonomy":"product_cat","embeddable":true,"href":"https:\/\/schmerzenmeds.com\/es\/wp-json\/wp\/v2\/product_cat?post=789"},{"taxonomy":"product_tag","embeddable":true,"href":"https:\/\/schmerzenmeds.com\/es\/wp-json\/wp\/v2\/product_tag?post=789"}],"curies":[{"name":"wp","href":"https:\/\/api.w.org\/{rel}","templated":true}]}}